{"id":5,"date":"2021-09-24T11:52:25","date_gmt":"2021-09-24T08:52:25","guid":{"rendered":"https:\/\/viktorslinovs.com\/?page_id=5"},"modified":"2023-09-28T22:44:33","modified_gmt":"2023-09-28T19:44:33","slug":"create-your-website-with-blocks","status":"publish","type":"page","link":"https:\/\/viktorslinovs.com\/","title":{"rendered":"Dr. Viktors \u013bi\u0146ovs"},"content":{"rendered":"\n<div class=\"wp-block-buttons is-layout-flex wp-block-buttons-is-layout-flex\">\n<div class=\"wp-block-button\"><a class=\"wp-block-button__link wp-element-button\" href=\"https:\/\/linove.eu\/specialisti\/dr-viktors-linovs-radiologs\/\">Pieteikties konsult\u0101cijai &#8211; Dr. Viktors \u013bi\u0146ovs<\/a><\/div>\n<\/div>\n\n\n\n<h2 class=\"wp-block-heading\">Experience<\/h2>\n\n\n\n<ul class=\"wp-block-list\">\n<li> Head of radiology department Riga 2-nd hospital Sep 2017 &#8211; Present: Latvia, Riga Musculosceletal radiology, General radiology, Ultrasound guided procedures<\/li>\n\n\n\n<li> President Latvian association of ultrasonographists Feb 2020 &#8211; Present: Riga, Latvia<\/li>\n\n\n\n<li> Owner SIA &#8220;VIKITAN&#8221; Sep 2018 &#8211; Present: Riga, Latvia Cosmetic product development, production, wholesale and retail.<\/li>\n\n\n\n<li> P. Stradi\u0146a Kl\u012bnisk\u0101 universit\u0101tes slimn\u012bca:\n<ul class=\"wp-block-list\">\n<li>Radiologist Sep 2017 &#8211; Present: 5 years 4 months Latvia, Riga General radiology, Emergency radiology, Vascular radiology, Ultrasound guided procedures, CT guided procedures,<\/li>\n\n\n\n<li>Radiology Resident Sep 2013 &#8211; Sep 2017: 4 years 1 month Latvia Training in Radiology<\/li>\n<\/ul>\n<\/li>\n\n\n\n<li><a href=\"https:\/\/lv.linkedin.com\/company\/latvijas-universitate?trk=public_profile_experience-item_profile-section-card_image-click\"><\/a> Lecturer <a href=\"https:\/\/lv.linkedin.com\/company\/latvijas-universitate?trk=public_profile_experience-item_profile-section-card_subtitle-click\">Latvijas Universitate<\/a> Mar 2018 &#8211; Present: 4 years 10 months Latvia, Riga Medical faculty radiology module<\/li>\n\n\n\n<li><a href=\"https:\/\/lv.linkedin.com\/company\/riga-stradins-university?trk=public_profile_experience-item_profile-section-card_image-click\"><\/a> Laboratory Assistant <a href=\"https:\/\/lv.linkedin.com\/company\/riga-stradins-university?trk=public_profile_experience-item_profile-section-card_subtitle-click\">R\u012bga Stradi\u0146\u0161 University<\/a> Mar 2017 &#8211; Feb 2020: 3 years Latvia, Riga Radiology Research Laboratory, Research<\/li>\n\n\n\n<li><a href=\"https:\/\/lv.linkedin.com\/company\/vizu%C4%81l%C4%81-diagnostika-sia?trk=public_profile_experience-item_profile-section-card_image-click\"><\/a> Radiologist <a href=\"https:\/\/lv.linkedin.com\/company\/vizu%C4%81l%C4%81-diagnostika-sia?trk=public_profile_experience-item_profile-section-card_subtitle-click\">Vizu\u0101l\u0101 diagnostika<\/a> Sep 2017 &#8211; Sep 2018: 1 year 1 month Latvia, Riga Emergency radiology<\/li>\n\n\n\n<li><a href=\"https:\/\/lv.linkedin.com\/company\/vc4?trk=public_profile_experience-item_profile-section-card_image-click\"><\/a> Radiologist <a href=\"https:\/\/lv.linkedin.com\/company\/vc4?trk=public_profile_experience-item_profile-section-card_subtitle-click\">VC4<\/a> Sep 2017 &#8211; Sep 2018: 1 year 1 month Latvia, Riga Vascular radiology, General radiology, Ultrasound guided procedures<\/li>\n\n\n\n<li> Ultrasonography Specialist VC4 Apr 2014 &#8211; Sep 2017: 3 years 6 months Latvia, R\u012bga Abdominal and thyroid gland US. Leg artery and vein Doppler US.<\/li>\n\n\n\n<li> Nursing Assistant B\u0112RNU KL\u012aNISK\u0100 UNIVERSIT\u0100TES SLIMN\u012aCA Sep 2010 &#8211; Apr 2015: 4 years 8 months Riga, Latvia Nursing asistant at patology department<\/li>\n\n\n\n<li> Graphic designer \/ Web designer Freelancer Sep 2008 &#8211; Dec 2014: 6 years 4 months worldwide Graphic Design, Web Design, Photography<\/li>\n\n\n\n<li> Expert assistant &#8220;IN MEDIAS RES&#8221; Oct 2011 &#8211; Feb 2013: 1 year 5 months Latvia &#8220;IN MEDIAS RES&#8221; provides fire investigation services.<\/li>\n\n\n\n<li><a href=\"https:\/\/lv.linkedin.com\/company\/hospital-del-mar--parc-de-salut-mar?trk=public_profile_experience-item_profile-section-card_image-click\"><\/a> Doctor Assistant in Urgent Medicine Department <a href=\"https:\/\/lv.linkedin.com\/company\/hospital-del-mar--parc-de-salut-mar?trk=public_profile_experience-item_profile-section-card_subtitle-click\">Hospital del Mar- Parc de Salut MAR<\/a> Jul 2011 &#8211; Sep 2011: 3 months Barcelona Area, Spain Practice exchange program<\/li>\n<\/ul>\n","protected":false},"excerpt":{"rendered":"<p>Experience<\/p>\n","protected":false},"author":1,"featured_media":0,"parent":0,"menu_order":0,"comment_status":"closed","ping_status":"closed","template":"","meta":{"footnotes":""},"class_list":["post-5","page","type-page","status-publish","hentry","entry"],"_links":{"self":[{"href":"https:\/\/viktorslinovs.com\/index.php\/wp-json\/wp\/v2\/pages\/5","targetHints":{"allow":["GET"]}}],"collection":[{"href":"https:\/\/viktorslinovs.com\/index.php\/wp-json\/wp\/v2\/pages"}],"about":[{"href":"https:\/\/viktorslinovs.com\/index.php\/wp-json\/wp\/v2\/types\/page"}],"author":[{"embeddable":true,"href":"https:\/\/viktorslinovs.com\/index.php\/wp-json\/wp\/v2\/users\/1"}],"replies":[{"embeddable":true,"href":"https:\/\/viktorslinovs.com\/index.php\/wp-json\/wp\/v2\/comments?post=5"}],"version-history":[{"count":4,"href":"https:\/\/viktorslinovs.com\/index.php\/wp-json\/wp\/v2\/pages\/5\/revisions"}],"predecessor-version":[{"id":61,"href":"https:\/\/viktorslinovs.com\/index.php\/wp-json\/wp\/v2\/pages\/5\/revisions\/61"}],"wp:attachment":[{"href":"https:\/\/viktorslinovs.com\/index.php\/wp-json\/wp\/v2\/media?parent=5"}],"curies":[{"name":"wp","href":"https:\/\/api.w.org\/{rel}","templated":true}]}}